{"id":1617,"date":"2022-02-08T17:45:45","date_gmt":"2022-02-08T16:45:45","guid":{"rendered":"http:\/\/192.168.2.121\/?page_id=1617"},"modified":"2024-01-16T09:55:55","modified_gmt":"2024-01-16T08:55:55","slug":"ueber-uns","status":"publish","type":"page","link":"https:\/\/www.allpccloud.com\/?page_id=1617&lang=de","title":{"rendered":"\u00dcber uns"},"content":{"rendered":"<p>[et_pb_section fb_built=&#8221;1&#8243; _builder_version=&#8221;4.16&#8243; global_colors_info=&#8221;{}&#8221;][et_pb_row column_structure=&#8221;1_4,3_4&#8243; _builder_version=&#8221;4.16&#8243; global_colors_info=&#8221;{}&#8221;][et_pb_column type=&#8221;1_4&#8243; _builder_version=&#8221;4.16&#8243; custom_padding=&#8221;|||&#8221; global_colors_info=&#8221;{}&#8221; custom_padding__hover=&#8221;|||&#8221;][et_pb_text _builder_version=&#8221;4.16&#8243; global_colors_info=&#8221;{}&#8221;]<\/p>\n<h1 style=\"text-align: right;\">\u00dcber uns<\/h1>\n<p>[\/et_pb_text][\/et_pb_column][et_pb_column type=&#8221;3_4&#8243; _builder_version=&#8221;4.16&#8243; custom_padding=&#8221;|||&#8221; global_colors_info=&#8221;{}&#8221; custom_padding__hover=&#8221;|||&#8221;][et_pb_text _builder_version=&#8221;4.16&#8243; global_colors_info=&#8221;{}&#8221;]<\/p>\n<p align=\"justify\">allpccloud ist ein Software- und Engineering-Unternehmen mit Sitz in D\u00fcsseldorf, Deutschland (NRW). Wir bieten kompetente Beratungsdienstleistungen f\u00fcr die metallurgische Industrie, Software f\u00fcr Produktivit\u00e4t und Simulation in Engineering und Vertrieb, Festigkeitsanalyse mit Konstruktionsunterst\u00fctzung und Entwicklungsdienstleistungen von Software mit Schwerpunkt auf komplexen numerischen Simulationen. Die allpccloud GmbH wurde im Jahr 2018 gegr\u00fcndet.<\/p>\n<p align=\"justify\">Unsere Produktpalette umfasst modernste <a href=\"https:\/\/www.allpccloud.com\/?page_id=1235\">Simulationssoftware<\/a> f\u00fcr die Walzwerks- und Metallindustrie. Wir bieten L\u00f6sungen an, die von Beratung und Optimierung bis hin zu voll ausgestatteter Automatisierungssoftware (Level 2-) reichen. Mit modernsten Methoden des Software Engineerings bieten wir Funktionalit\u00e4t f\u00fcr die n\u00e4chste Generation von Automatisierungssystemen.<\/p>\n<p align=\"justify\">Wir sind spezialisiert auf Entwicklung und Einsatz von GPU-Beschleunigungstechniken. In dieser neuesten Generation von Hochleistungssoftware verwenden wir moderne GPU-Beschleunigungstechniken, um die Rechenleistung zu maximieren. Dies erm\u00f6glicht uns, komplexe numerische Verfahren auch in zeitkritischen Anwendungen einzusetzen, z.B. f\u00fcr (Level 2-) Automatisierungssysteme in der Metallindustrie.<\/p>\n<p align=\"justify\">Wir sind stolz darauf, mit Weltklasse-Unternehmen in der metallurgischen Industrie zusammenzuarbeiten, um Prozess- und Produktentwicklung zu unterst\u00fctzen und zu beraten. Wir bieten FEM-Simulationen und Festigkeitsnachweise f\u00fcr komplexe Industrieprodukte sowie die Entwicklung ma\u00dfgeschneiderter Software f\u00fcr die Prozesssimulation. Wir verf\u00fcgen \u00fcber ein umfangreiches Toolkit an Methoden, insbesondere f\u00fcr numerische Finite-Elemente- oder Finite-Volumen-Simulationen. Sehen Sie sich dazu auch unsere <a href=\"https:\/\/www.allpccloud.com\/?page_id=1254\">Beispielseite<\/a> an.<\/p>\n<p align=\"justify\">Wir bieten einen webbasierten Produktkonfigurationsservice, der f\u00fcr praktisch jedes Produkt oder jede Dienstleistung, die Sie anbieten m\u00f6chten, angepasst werden kann, von Schrauben f\u00fcr die Automobilindustrie \u00fcber ma\u00dfgefertigte H\u00e4user, ma\u00dfgeschneiderte Versicherungsvertr\u00e4ge bis hin zu komplexen Industrieg\u00fctern und Dienstleistungen. Der allpccloud Produktkonfigurator erm\u00f6glicht Ihnen den Verkauf hochgradig individualisierter Produkte und Dienstleistungen \u00fcber das Internet und kombiniert leistungsstarke Engineering-Funktionen mit den M\u00f6glichkeiten von Online-Shops und eCommerce. Bitte schauen Sie sich unsere <a href=\"https:\/\/www.allpccloud.com\/?page_id=638\">Beispielseite<\/a> an.<\/p>\n<p align=\"justify\"><a href=\"https:\/\/www.allpccloud.com\/wp-content\/uploads\/2019\/02\/Flyer_allpccloud_en_2019.pdf\">Flyer herunterladen<\/a><\/p>\n<p align=\"justify\">[\/et_pb_text][\/et_pb_column][\/et_pb_row][et_pb_row column_structure=&#8221;1_4,3_4&#8243; _builder_version=&#8221;4.16&#8243; custom_margin=&#8221;-29px|auto||auto||&#8221; global_colors_info=&#8221;{}&#8221;][et_pb_column type=&#8221;1_4&#8243; _builder_version=&#8221;4.16&#8243; custom_padding=&#8221;|||&#8221; global_colors_info=&#8221;{}&#8221; custom_padding__hover=&#8221;|||&#8221;][et_pb_text _builder_version=&#8221;4.16&#8243; global_colors_info=&#8221;{}&#8221;]<\/p>\n<h1 style=\"text-align: right;\">Besonderheiten<\/h1>\n<p>[\/et_pb_text][\/et_pb_column][et_pb_column type=&#8221;3_4&#8243; _builder_version=&#8221;4.16&#8243; custom_padding=&#8221;|||&#8221; global_colors_info=&#8221;{}&#8221; custom_padding__hover=&#8221;|||&#8221;][et_pb_text _builder_version=&#8221;4.16&#8243; global_colors_info=&#8221;{}&#8221;]<\/p>\n<ul>\n<li style=\"text-align: justify;\"><strong>Webservice<br \/><\/strong><\/li>\n<\/ul>\n<p style=\"text-align: justify;\" align=\"justify\">Unsere Expertise umfasst die Entwicklung und den Betrieb von Webservices. Auch der allpccloud-Produktkonfigurator ist ein vollst\u00e4ndig webbasierter Cloud-Service. Dies bedeutet, dass unsere Kunden unseren Service einfach abonnieren, ohne die Software installieren oder hosten zu m\u00fcssen.<\/p>\n<ul style=\"text-align: justify;\">\n<li><strong>Parametrische 3D-CAD-Modellierung<\/strong><\/li>\n<\/ul>\n<p style=\"text-align: justify;\">Der in unserem Produktkonfigurator enthaltene CAD-Kernel ist in der Lage, gebrauchsfertige 3D-CAD-Formen automatisch aus dem Konfigurationsprozess zu generieren. Die notwendigen Parameter werden teils durch Kundeneingaben, teils durch automatisierte und benutzerdefinierte Skripte als Ergebnis des automatisierten Engineering-Prozesses gewonnen.<\/p>\n<ul style=\"text-align: justify;\">\n<li style=\"text-align: justify;\"><strong>GPU Programmierung<\/strong><\/li>\n<\/ul>\n<p style=\"text-align: justify;\">Wir nutzen die neuesten GPU-Programmiertechniken, um eine neue Generation von Simulations- und Automatisierungssystemen zu entwickeln. Durch die Beschleunigung unserer numerischen Algorithmen um mindestens eine Gr\u00f6\u00dfenordnung ist es m\u00f6glich, viel genauere physikalische Modelle als je zuvor zu implementieren, ohne die strengen Beschr\u00e4nkungen f\u00fcr die Rechenzeit in Produktionsanwendungen zu verletzen.<\/p>\n<p>[\/et_pb_text][\/et_pb_column][\/et_pb_row][et_pb_row _builder_version=&#8221;4.16&#8243; global_colors_info=&#8221;{}&#8221;][et_pb_column type=&#8221;4_4&#8243; _builder_version=&#8221;4.16&#8243; custom_padding=&#8221;|||&#8221; global_colors_info=&#8221;{}&#8221; custom_padding__hover=&#8221;|||&#8221;][et_pb_gallery gallery_ids=&#8221;847,1261,960,1271&#8243; show_title_and_caption=&#8221;off&#8221; _builder_version=&#8221;4.16&#8243; global_colors_info=&#8221;{}&#8221;][\/et_pb_gallery][\/et_pb_column][\/et_pb_row][et_pb_row column_structure=&#8221;1_4,3_4&#8243; _builder_version=&#8221;4.16&#8243; global_colors_info=&#8221;{}&#8221;][et_pb_column type=&#8221;1_4&#8243; _builder_version=&#8221;4.16&#8243; custom_padding=&#8221;|||&#8221; global_colors_info=&#8221;{}&#8221; custom_padding__hover=&#8221;|||&#8221;][et_pb_text _builder_version=&#8221;4.16&#8243; global_colors_info=&#8221;{}&#8221;]<\/p>\n<h1 style=\"text-align: right;\">Kontakt<\/h1>\n<p>[\/et_pb_text][\/et_pb_column][et_pb_column type=&#8221;3_4&#8243; _builder_version=&#8221;4.16&#8243; custom_padding=&#8221;|||&#8221; global_colors_info=&#8221;{}&#8221; custom_padding__hover=&#8221;|||&#8221;][et_pb_text admin_label=&#8221;Text \u2013 Address&#8221; _builder_version=&#8221;4.22.2&#8243; global_colors_info=&#8221;{}&#8221;]<\/p>\n<p style=\"text-align: right;\">allpccloud GmbH<\/p>\n<p style=\"text-align: right;\">Johannes-Flintrop-Str. 98<\/p>\n<p style=\"text-align: right;\">40822 Mettmann<\/p>\n<p style=\"text-align: right;\">E-Mail: <a href=\"mailto:info@allpccloud.de\">info@allpccloud.de<\/a><br \/>Web: <a href=\"https:\/\/www.allpccloud.com\">www.allpccloud.com<\/a><\/p>\n<p>[\/et_pb_text][\/et_pb_column][\/et_pb_row][\/et_pb_section]<\/p>\n","protected":false},"excerpt":{"rendered":"<p>\u00dcber uns allpccloud ist ein Software- und Engineering-Unternehmen mit Sitz in D\u00fcsseldorf, Deutschland (NRW). Wir bieten kompetente Beratungsdienstleistungen f\u00fcr die metallurgische Industrie, Software f\u00fcr Produktivit\u00e4t und Simulation in Engineering und Vertrieb, Festigkeitsanalyse mit Konstruktionsunterst\u00fctzung und Entwicklungsdienstleistungen von Software mit Schwerpunkt auf komplexen numerischen Simulationen. Die allpccloud GmbH wurde im Jahr 2018 gegr\u00fcndet. Unsere Produktpalette umfasst [&hellip;]<\/p>\n","protected":false},"author":4,"featured_media":0,"parent":0,"menu_order":0,"comment_status":"closed","ping_status":"closed","template":"","meta":{"_et_pb_use_builder":"on","_et_pb_old_content":"","_et_gb_content_width":"","footnotes":""},"class_list":["post-1617","page","type-page","status-publish","hentry"],"_links":{"self":[{"href":"https:\/\/www.allpccloud.com\/index.php?rest_route=\/wp\/v2\/pages\/1617","targetHints":{"allow":["GET"]}}],"collection":[{"href":"https:\/\/www.allpccloud.com\/index.php?rest_route=\/wp\/v2\/pages"}],"about":[{"href":"https:\/\/www.allpccloud.com\/index.php?rest_route=\/wp\/v2\/types\/page"}],"author":[{"embeddable":true,"href":"https:\/\/www.allpccloud.com\/index.php?rest_route=\/wp\/v2\/users\/4"}],"replies":[{"embeddable":true,"href":"https:\/\/www.allpccloud.com\/index.php?rest_route=%2Fwp%2Fv2%2Fcomments&post=1617"}],"version-history":[{"count":10,"href":"https:\/\/www.allpccloud.com\/index.php?rest_route=\/wp\/v2\/pages\/1617\/revisions"}],"predecessor-version":[{"id":1989,"href":"https:\/\/www.allpccloud.com\/index.php?rest_route=\/wp\/v2\/pages\/1617\/revisions\/1989"}],"wp:attachment":[{"href":"https:\/\/www.allpccloud.com\/index.php?rest_route=%2Fwp%2Fv2%2Fmedia&parent=1617"}],"curies":[{"name":"wp","href":"https:\/\/api.w.org\/{rel}","templated":true}]}}