{"id":1725,"date":"2022-03-07T18:37:04","date_gmt":"2022-03-07T17:37:04","guid":{"rendered":"http:\/\/192.168.2.121\/?page_id=1725"},"modified":"2022-03-21T14:29:10","modified_gmt":"2022-03-21T13:29:10","slug":"walzwerkssoftware","status":"publish","type":"page","link":"https:\/\/www.allpccloud.com\/?page_id=1725&lang=de","title":{"rendered":"Walzwerkssoftware"},"content":{"rendered":"<p>[et_pb_section fb_built=&#8221;1&#8243; _builder_version=&#8221;4.15&#8243; global_colors_info=&#8221;{}&#8221;][et_pb_row _builder_version=&#8221;4.15&#8243; global_colors_info=&#8221;{}&#8221;][et_pb_column type=&#8221;4_4&#8243; _builder_version=&#8221;4.15&#8243; global_colors_info=&#8221;{}&#8221;][et_pb_text _builder_version=&#8221;4.15&#8243; global_colors_info=&#8221;{}&#8221;]<\/p>\n<h1 style=\"text-align: justify;\">Walzwerkssoftware<\/h1>\n<p style=\"text-align: justify;\">Die allpccloud GmbH bietet leistungsstarke Software f\u00fcr die State-of-the-Art-Simulation von Flachwalzprozessen sowohl offline als auch in Level 2 &#8211; Automatisierungen. Wir verwenden spezialisierte Hochleistungs-FEM-Methoden, um genaue Ergebnisse sowohl f\u00fcr den Walzenspalt als auch f\u00fcr den Walzenstapel zu erzielen.<\/p>\n<p>[\/et_pb_text][\/et_pb_column][\/et_pb_row][et_pb_row column_structure=&#8221;2_5,3_5&#8243; _builder_version=&#8221;4.15&#8243; global_colors_info=&#8221;{}&#8221;][et_pb_column type=&#8221;2_5&#8243; _builder_version=&#8221;4.15&#8243; global_colors_info=&#8221;{}&#8221;][et_pb_text _builder_version=&#8221;4.15&#8243; global_colors_info=&#8221;{}&#8221;]<\/p>\n<h1 style=\"text-align: justify;\">Planheitssoftware<\/h1>\n<p style=\"text-align: justify;\">Die genaue Kenntnis der Walzspaltform ist f\u00fcr einen wettbewerbsf\u00e4higen Betrieb von Flachwalzwerken unerl\u00e4sslich. Nutzen Sie unsere Planheitssoftware, um Ihren Walzenstapel zu analysieren, das Walzenspaltprofil zu optimieren und genaue Einstellungen f\u00fcr die Planheitsstellglieder zu erhalten.<\/p>\n<p style=\"text-align: justify;\">Der Rechenkern kann in andere Anwendungen eingebettet und in Automatisierungssystemen verwendet werden.<\/p>\n<p style=\"text-align: justify;\">\n<p>[\/et_pb_text][\/et_pb_column][et_pb_column type=&#8221;3_5&#8243; _builder_version=&#8221;4.15&#8243; global_colors_info=&#8221;{}&#8221;][et_pb_gallery gallery_ids=&#8221;1346&#8243; fullwidth=&#8221;on&#8221; _builder_version=&#8221;4.15&#8243; global_colors_info=&#8221;{}&#8221;][\/et_pb_gallery][\/et_pb_column][\/et_pb_row][et_pb_row column_structure=&#8221;2_3,1_3&#8243; _builder_version=&#8221;4.15&#8243; global_colors_info=&#8221;{}&#8221;][et_pb_column type=&#8221;2_3&#8243; _builder_version=&#8221;4.15&#8243; global_colors_info=&#8221;{}&#8221;][et_pb_gallery gallery_ids=&#8221;1347&#8243; fullwidth=&#8221;on&#8221; _builder_version=&#8221;4.15&#8243; global_colors_info=&#8221;{}&#8221;][\/et_pb_gallery][\/et_pb_column][et_pb_column type=&#8221;1_3&#8243; _builder_version=&#8221;4.15&#8243; global_colors_info=&#8221;{}&#8221;][et_pb_text _builder_version=&#8221;4.15&#8243; global_colors_info=&#8221;{}&#8221;]<\/p>\n<h1 style=\"text-align: justify;\">Stichplansoftware<\/h1>\n<p style=\"text-align: justify;\">Ganzheitliche Simulation von Flachwalzstra\u00dfen. Berechnen Sie Walzspalte und vollst\u00e4ndige Stichpl\u00e4ne in ein- oder mehrger\u00fcstigen Walzlinien, Einzelstich oder reversierend, station\u00e4r oder transient.<\/p>\n<p style=\"text-align: justify;\">Geeignet f\u00fcr den Einsatz in Automatisierungssystemen. Die Simulation des komplexen mechanischen Systems des elastisch-plastischen Bandes und der elastischen Arbeitswalzen erfolgt mit GPU-Beschleunigung und liefert schnelle und genaue Ergebnisse f\u00fcr einen optimierten Betrieb.<\/p>\n<p>[\/et_pb_text][\/et_pb_column][\/et_pb_row][\/et_pb_section]<\/p>\n","protected":false},"excerpt":{"rendered":"<p>Walzwerkssoftware Die allpccloud GmbH bietet leistungsstarke Software f\u00fcr die State-of-the-Art-Simulation von Flachwalzprozessen sowohl offline als auch in Level 2 &#8211; Automatisierungen. Wir verwenden spezialisierte Hochleistungs-FEM-Methoden, um genaue Ergebnisse sowohl f\u00fcr den Walzenspalt als auch f\u00fcr den Walzenstapel zu erzielen.Planheitssoftware Die genaue Kenntnis der Walzspaltform ist f\u00fcr einen wettbewerbsf\u00e4higen Betrieb von Flachwalzwerken unerl\u00e4sslich. Nutzen Sie unsere [&hellip;]<\/p>\n","protected":false},"author":4,"featured_media":0,"parent":0,"menu_order":0,"comment_status":"closed","ping_status":"closed","template":"","meta":{"_et_pb_use_builder":"on","_et_pb_old_content":"","_et_gb_content_width":"","footnotes":""},"class_list":["post-1725","page","type-page","status-publish","hentry"],"_links":{"self":[{"href":"https:\/\/www.allpccloud.com\/index.php?rest_route=\/wp\/v2\/pages\/1725","targetHints":{"allow":["GET"]}}],"collection":[{"href":"https:\/\/www.allpccloud.com\/index.php?rest_route=\/wp\/v2\/pages"}],"about":[{"href":"https:\/\/www.allpccloud.com\/index.php?rest_route=\/wp\/v2\/types\/page"}],"author":[{"embeddable":true,"href":"https:\/\/www.allpccloud.com\/index.php?rest_route=\/wp\/v2\/users\/4"}],"replies":[{"embeddable":true,"href":"https:\/\/www.allpccloud.com\/index.php?rest_route=%2Fwp%2Fv2%2Fcomments&post=1725"}],"version-history":[{"count":4,"href":"https:\/\/www.allpccloud.com\/index.php?rest_route=\/wp\/v2\/pages\/1725\/revisions"}],"predecessor-version":[{"id":1932,"href":"https:\/\/www.allpccloud.com\/index.php?rest_route=\/wp\/v2\/pages\/1725\/revisions\/1932"}],"wp:attachment":[{"href":"https:\/\/www.allpccloud.com\/index.php?rest_route=%2Fwp%2Fv2%2Fmedia&parent=1725"}],"curies":[{"name":"wp","href":"https:\/\/api.w.org\/{rel}","templated":true}]}}